{"id":2542,"date":"2026-01-21T13:56:00","date_gmt":"2026-01-21T11:56:00","guid":{"rendered":"https:\/\/casino-site-amp5.top\/?page_id=2542"},"modified":"2026-01-23T17:58:18","modified_gmt":"2026-01-23T15:58:18","slug":"sirket-haqqinda","status":"publish","type":"page","link":"https:\/\/casino-site-amp5.top\/sirket-haqqinda\/","title":{"rendered":"\u015eirk\u0259t haqq\u0131nda"},"content":{"rendered":"<h1>1xBet: \u0130dman M\u0259rcl\u0259ri D\u00fcnyas\u0131nda \u0130nnovasiya<\/h1>\n<h2>Biz kimik?<\/h2>\n<p>1xBet idman m\u0259rc oyunlar\u0131n\u0131n simas\u0131n\u0131 d\u0259yi\u015fdir\u0259n beyn\u0259lxalq bukmeker \u015firk\u0259tidir. 2007-ci ild\u0259 qurulan \u015firk\u0259timiz, 400.000-d\u0259n \u00e7ox istifad\u0259\u00e7ini vahid platformada birl\u0259\u015fdir\u0259n iddial\u0131 bir layih\u0259d\u0259n s\u0259naye liderin\u0259 \u00e7evrilmi\u015fdir. Biz sad\u0259c\u0259 trendl\u0259ri izl\u0259mirik, onlar\u0131 m\u00fc\u0259yy\u0259n edirik. Bizim yana\u015fmam\u0131z \u00fc\u00e7 s\u00fctuna \u0259saslan\u0131r: texnologiya, m\u00fc\u015ft\u0259ri s\u0259daq\u0259ti v\u0259 d\u00fcr\u00fcstl\u00fck.<\/p>\n<p>Bu g\u00fcn 1xBet onlarla \u00f6lk\u0259d\u0259 t\u0259msil olunan qlobal bir brenddir. Veb sayt\u0131m\u0131z 60-dan \u00e7ox dil\u0259 t\u0259rc\u00fcm\u0259 olunub v\u0259 m\u00fc\u015ft\u0259ri d\u0259st\u0259k qrupumuz h\u0259r bir m\u00fc\u015ft\u0259rinin dilind\u0259 dan\u0131\u015f\u0131r. \u0130dman v\u0259 kazino h\u0259v\u0259skarlar\u0131 \u00fc\u00e7\u00fcn \u0259n yax\u015f\u0131 xidm\u0259ti t\u0259qdim ed\u0259r\u0259k h\u0259y\u0259can\u0131n innovasiya il\u0259 qar\u015f\u0131la\u015fd\u0131\u011f\u0131 bir m\u0259kan yarad\u0131r\u0131q.<\/p>\n<h2>Missiyam\u0131z v\u0259 d\u0259y\u0259rl\u0259rimiz<\/h2>\n<p>\u018fsas m\u0259qs\u0259dimiz oyun\u00e7ulara bazarda \u0259n yax\u015f\u0131 m\u0259rc m\u0259hsulunu t\u0259qdim etm\u0259kdir. M\u0259rcl\u0259rinin h\u0259cmind\u0259n as\u0131l\u0131 olmayaraq, h\u0259r bir m\u00fc\u015ft\u0259rinin \u00f6z\u00fcn\u00fc VIP kimi hiss etm\u0259sini t\u0259min etm\u0259y\u0259 \u00e7al\u0131\u015f\u0131r\u0131q.<\/p>\n<p>\u0130nnovasiya: Biz daim proqram t\u0259minat\u0131m\u0131z\u0131 t\u0259kmill\u0259\u015fdirir, t\u0259klifl\u0259ri f\u0259rdil\u0259\u015fdirm\u0259k v\u0259 t\u0259hl\u00fck\u0259sizliyi art\u0131rmaq \u00fc\u00e7\u00fcn s\u00fcni intellekt t\u0259tbiq edirik.<\/p>\n<p>Etibar: Reputasiyam\u0131z \u0259n b\u00f6y\u00fck s\u0259rv\u0259timizdir. Qazan\u0131lan h\u0259r q\u0259piyin \u0259dal\u0259tli \u015f\u0259kild\u0259 \u00f6d\u0259nilm\u0259sin\u0259 z\u0259man\u0259t veririk.<\/p>\n<p>\u0130dman\u0131n \u0130nki\u015faf\u0131: Biz h\u0259m qlobal \u00e7empionatlara (Serie A, La Liga), h\u0259m d\u0259 yerli turnirl\u0259r\u0259 v\u0259 kiberidman komandalar\u0131na sponsorluq etm\u0259kl\u0259 idman\u0131n inki\u015faf\u0131na investisiya qoyuruq.<\/p>\n<h2>Niy\u0259 1xBet-i se\u00e7m\u0259lisiniz?<\/h2>\n<p>Bazar t\u0259klifl\u0259rl\u0259 doludur, lakin 1xBet \u00f6z\u00fcn\u0259m\u0259xsus \u015f\u0259rtl\u0259ri say\u0259sind\u0259 se\u00e7ilir:<\/p>\n<p>Maksimum t\u0259dbir \u0259hat\u0259 dair\u0259si. Biz misilsiz \u0259hat\u0259 dair\u0259si t\u0259klif edirik. \u00c7empionlar Liqas\u0131n\u0131n finallar\u0131ndan tutmu\u015f Vyetnam g\u0259ncl\u0259r voleybol liqalar\u0131na q\u0259d\u0259r. Kiber idman, hava v\u0259 siyas\u0259t d\u0259 daxil olmaqla 50-d\u0259n \u00e7ox idman n\u00f6v\u00fc.<\/p>\n<p>Unikal Canl\u0131 sistem. Platformam\u0131z, Multi-Live funksiyas\u0131ndan istifad\u0259 ed\u0259r\u0259k eyni anda d\u00f6rd t\u0259dbiri izl\u0259m\u0259y\u0259 v\u0259 bir klikl\u0259 m\u0259rc etm\u0259y\u0259 imkan verir. \u018fks\u0259r mat\u00e7lar \u00fc\u00e7\u00fcn canl\u0131 yay\u0131mlar m\u00f6vcuddur.<\/p>\n<p>\u018fyl\u0259nc\u0259 ekosistemi. 1xBet sad\u0259c\u0259 m\u0259rc etm\u0259kd\u0259n daha \u00e7ox \u015feydir. \u0130dman m\u0259rcl\u0259ri, m\u0259rc m\u00fcbadil\u0259si, maliyy\u0259 m\u0259rcl\u0259ri, onlayn kazino, televiziya oyunlar\u0131 v\u0259 virtual idman n\u00f6vl\u0259ri t\u0259klif edir. B\u00fct\u00fcn \u0259yl\u0259nc\u0259l\u0259r t\u0259k hesabdan m\u00f6vcuddur.<\/p>\n<p>Sadiqlik proqram\u0131. \u018fn s\u0259xav\u0259tli bonus sisteml\u0259rind\u0259n birini t\u0259klif edirik: xo\u015f g\u0259lmisiniz paketl\u0259ri, ke\u015fbek, promo kod ma\u011fazas\u0131, seriyalar itirm\u0259k \u00fc\u00e7\u00fcn bonuslar v\u0259 ad g\u00fcn\u00fc h\u0259diyy\u0259l\u0259ri.<\/p>\n<h2>Komandam\u0131z<\/h2>\n<p>1xBet-in u\u011furunun arxas\u0131nda minl\u0259rl\u0259 m\u00fct\u0259x\u0259ssisd\u0259n ibar\u0259t komanda dayan\u0131r: analitikl\u0259r, t\u0259rtibat\u00e7\u0131lar, marketinq m\u00fct\u0259x\u0259ssisl\u0259ri v\u0259 m\u00fc\u015ft\u0259ri d\u0259st\u0259k m\u00fct\u0259x\u0259ssisl\u0259ri. Sayt\u0131n rahat i\u015fl\u0259m\u0259sini v\u0259 h\u0259r bir istifad\u0259\u00e7inin rahatl\u0131\u011f\u0131n\u0131 t\u0259min etm\u0259k \u00fc\u00e7\u00fcn 24\/7 i\u015fl\u0259yirik.<\/p>\n<p>H\u0259mi\u015f\u0259 bir add\u0131m \u00f6nd\u0259 olan 1xBet bukmeker \u015firk\u0259tin\u0259 qo\u015fulun!<\/p>\n","protected":false},"excerpt":{"rendered":"<p>1xBet: \u0130dman M\u0259rcl\u0259ri D\u00fcnyas\u0131nda \u0130nnovasiya Biz kimik? 1xBet idman m\u0259rc oyunlar\u0131n\u0131n simas\u0131n\u0131 d\u0259yi\u015fdir\u0259n beyn\u0259lxalq bukmeker \u015firk\u0259tidir. 2007-ci ild\u0259 qurulan \u015firk\u0259timiz, 400.000-d\u0259n \u00e7ox istifad\u0259\u00e7ini vahid platformada birl\u0259\u015fdir\u0259n iddial\u0131 bir layih\u0259d\u0259n s\u0259naye liderin\u0259 \u00e7evrilmi\u015fdir. Biz sad\u0259c\u0259 trendl\u0259ri izl\u0259mirik, onlar\u0131 m\u00fc\u0259yy\u0259n edirik. Bizim yana\u015fmam\u0131z \u00fc\u00e7 s\u00fctuna \u0259saslan\u0131r: texnologiya, m\u00fc\u015ft\u0259ri s\u0259daq\u0259ti v\u0259 d\u00fcr\u00fcstl\u00fck. Bu g\u00fcn 1xBet onlarla \u00f6lk\u0259d\u0259 t\u0259msil [&hellip;]<\/p>\n","protected":false},"author":1,"featured_media":0,"parent":0,"menu_order":0,"comment_status":"closed","ping_status":"closed","template":"","meta":{"_acf_changed":false,"footnotes":""},"class_list":["post-2542","page","type-page","status-publish","hentry"],"acf":[],"yoast_head":"<!-- This site is optimized with the Yoast SEO plugin v27.3 - https:\/\/yoast.com\/product\/yoast-seo-wordpress\/ -->\n<title>\u015eirk\u0259t haqq\u0131nda l 1xbet<\/title>\n<meta name=\"robots\" content=\"index, follow, max-snippet:-1, max-image-preview:large, max-video-preview:-1\" \/>\n<link rel=\"canonical\" href=\"https:\/\/casino-site-amp5.top\/sirket-haqqinda\/\" \/>\n<meta property=\"og:locale\" content=\"ru_RU\" \/>\n<meta property=\"og:type\" content=\"article\" \/>\n<meta property=\"og:title\" content=\"\u015eirk\u0259t haqq\u0131nda l 1xbet\" \/>\n<meta property=\"og:description\" content=\"1xBet: \u0130dman M\u0259rcl\u0259ri D\u00fcnyas\u0131nda \u0130nnovasiya Biz kimik? 1xBet idman m\u0259rc oyunlar\u0131n\u0131n simas\u0131n\u0131 d\u0259yi\u015fdir\u0259n beyn\u0259lxalq bukmeker \u015firk\u0259tidir. 2007-ci ild\u0259 qurulan \u015firk\u0259timiz, 400.000-d\u0259n \u00e7ox istifad\u0259\u00e7ini vahid platformada birl\u0259\u015fdir\u0259n iddial\u0131 bir layih\u0259d\u0259n s\u0259naye liderin\u0259 \u00e7evrilmi\u015fdir. Biz sad\u0259c\u0259 trendl\u0259ri izl\u0259mirik, onlar\u0131 m\u00fc\u0259yy\u0259n edirik. Bizim yana\u015fmam\u0131z \u00fc\u00e7 s\u00fctuna \u0259saslan\u0131r: texnologiya, m\u00fc\u015ft\u0259ri s\u0259daq\u0259ti v\u0259 d\u00fcr\u00fcstl\u00fck. Bu g\u00fcn 1xBet onlarla \u00f6lk\u0259d\u0259 t\u0259msil [&hellip;]\" \/>\n<meta property=\"og:url\" content=\"https:\/\/casino-site-amp5.top\/sirket-haqqinda\/\" \/>\n<meta property=\"og:site_name\" content=\"casino-site-amp5.top\" \/>\n<meta property=\"article:modified_time\" content=\"2026-01-23T15:58:18+00:00\" \/>\n<script type=\"application\/ld+json\" class=\"yoast-schema-graph\">{\"@context\":\"https:\\\/\\\/schema.org\",\"@graph\":[{\"@type\":\"WebPage\",\"@id\":\"https:\\\/\\\/casino-site-amp5.top\\\/sirket-haqqinda\\\/\",\"url\":\"https:\\\/\\\/casino-site-amp5.top\\\/sirket-haqqinda\\\/\",\"name\":\"\u015eirk\u0259t haqq\u0131nda l 1xbet\",\"isPartOf\":{\"@id\":\"https:\\\/\\\/casino-site-amp5.top\\\/#website\"},\"datePublished\":\"2026-01-21T11:56:00+00:00\",\"dateModified\":\"2026-01-23T15:58:18+00:00\",\"breadcrumb\":{\"@id\":\"https:\\\/\\\/casino-site-amp5.top\\\/sirket-haqqinda\\\/#breadcrumb\"},\"inLanguage\":\"ru-RU\",\"potentialAction\":[{\"@type\":\"ReadAction\",\"target\":[\"https:\\\/\\\/casino-site-amp5.top\\\/sirket-haqqinda\\\/\"]}]},{\"@type\":\"BreadcrumbList\",\"@id\":\"https:\\\/\\\/casino-site-amp5.top\\\/sirket-haqqinda\\\/#breadcrumb\",\"itemListElement\":[{\"@type\":\"ListItem\",\"position\":1,\"name\":\"Home\",\"item\":\"https:\\\/\\\/casino-site-amp5.top\\\/\"},{\"@type\":\"ListItem\",\"position\":2,\"name\":\"\u015eirk\u0259t haqq\u0131nda\"}]},{\"@type\":\"WebSite\",\"@id\":\"https:\\\/\\\/casino-site-amp5.top\\\/#website\",\"url\":\"https:\\\/\\\/casino-site-amp5.top\\\/\",\"name\":\"casino-site-amp5.top\",\"description\":\"\",\"potentialAction\":[{\"@type\":\"SearchAction\",\"target\":{\"@type\":\"EntryPoint\",\"urlTemplate\":\"https:\\\/\\\/casino-site-amp5.top\\\/?s={search_term_string}\"},\"query-input\":{\"@type\":\"PropertyValueSpecification\",\"valueRequired\":true,\"valueName\":\"search_term_string\"}}],\"inLanguage\":\"ru-RU\"}]}<\/script>\n<!-- \/ Yoast SEO plugin. -->","yoast_head_json":{"title":"\u015eirk\u0259t haqq\u0131nda l 1xbet","robots":{"index":"index","follow":"follow","max-snippet":"max-snippet:-1","max-image-preview":"max-image-preview:large","max-video-preview":"max-video-preview:-1"},"canonical":"https:\/\/casino-site-amp5.top\/sirket-haqqinda\/","og_locale":"ru_RU","og_type":"article","og_title":"\u015eirk\u0259t haqq\u0131nda l 1xbet","og_description":"1xBet: \u0130dman M\u0259rcl\u0259ri D\u00fcnyas\u0131nda \u0130nnovasiya Biz kimik? 1xBet idman m\u0259rc oyunlar\u0131n\u0131n simas\u0131n\u0131 d\u0259yi\u015fdir\u0259n beyn\u0259lxalq bukmeker \u015firk\u0259tidir. 2007-ci ild\u0259 qurulan \u015firk\u0259timiz, 400.000-d\u0259n \u00e7ox istifad\u0259\u00e7ini vahid platformada birl\u0259\u015fdir\u0259n iddial\u0131 bir layih\u0259d\u0259n s\u0259naye liderin\u0259 \u00e7evrilmi\u015fdir. Biz sad\u0259c\u0259 trendl\u0259ri izl\u0259mirik, onlar\u0131 m\u00fc\u0259yy\u0259n edirik. Bizim yana\u015fmam\u0131z \u00fc\u00e7 s\u00fctuna \u0259saslan\u0131r: texnologiya, m\u00fc\u015ft\u0259ri s\u0259daq\u0259ti v\u0259 d\u00fcr\u00fcstl\u00fck. Bu g\u00fcn 1xBet onlarla \u00f6lk\u0259d\u0259 t\u0259msil [&hellip;]","og_url":"https:\/\/casino-site-amp5.top\/sirket-haqqinda\/","og_site_name":"casino-site-amp5.top","article_modified_time":"2026-01-23T15:58:18+00:00","schema":{"@context":"https:\/\/schema.org","@graph":[{"@type":"WebPage","@id":"https:\/\/casino-site-amp5.top\/sirket-haqqinda\/","url":"https:\/\/casino-site-amp5.top\/sirket-haqqinda\/","name":"\u015eirk\u0259t haqq\u0131nda l 1xbet","isPartOf":{"@id":"https:\/\/casino-site-amp5.top\/#website"},"datePublished":"2026-01-21T11:56:00+00:00","dateModified":"2026-01-23T15:58:18+00:00","breadcrumb":{"@id":"https:\/\/casino-site-amp5.top\/sirket-haqqinda\/#breadcrumb"},"inLanguage":"ru-RU","potentialAction":[{"@type":"ReadAction","target":["https:\/\/casino-site-amp5.top\/sirket-haqqinda\/"]}]},{"@type":"BreadcrumbList","@id":"https:\/\/casino-site-amp5.top\/sirket-haqqinda\/#breadcrumb","itemListElement":[{"@type":"ListItem","position":1,"name":"Home","item":"https:\/\/casino-site-amp5.top\/"},{"@type":"ListItem","position":2,"name":"\u015eirk\u0259t haqq\u0131nda"}]},{"@type":"WebSite","@id":"https:\/\/casino-site-amp5.top\/#website","url":"https:\/\/casino-site-amp5.top\/","name":"casino-site-amp5.top","description":"","potentialAction":[{"@type":"SearchAction","target":{"@type":"EntryPoint","urlTemplate":"https:\/\/casino-site-amp5.top\/?s={search_term_string}"},"query-input":{"@type":"PropertyValueSpecification","valueRequired":true,"valueName":"search_term_string"}}],"inLanguage":"ru-RU"}]}},"amp_enabled":true,"_links":{"self":[{"href":"https:\/\/casino-site-amp5.top\/wp-json\/wp\/v2\/pages\/2542","targetHints":{"allow":["GET"]}}],"collection":[{"href":"https:\/\/casino-site-amp5.top\/wp-json\/wp\/v2\/pages"}],"about":[{"href":"https:\/\/casino-site-amp5.top\/wp-json\/wp\/v2\/types\/page"}],"author":[{"embeddable":true,"href":"https:\/\/casino-site-amp5.top\/wp-json\/wp\/v2\/users\/1"}],"replies":[{"embeddable":true,"href":"https:\/\/casino-site-amp5.top\/wp-json\/wp\/v2\/comments?post=2542"}],"version-history":[{"count":1,"href":"https:\/\/casino-site-amp5.top\/wp-json\/wp\/v2\/pages\/2542\/revisions"}],"predecessor-version":[{"id":2543,"href":"https:\/\/casino-site-amp5.top\/wp-json\/wp\/v2\/pages\/2542\/revisions\/2543"}],"wp:attachment":[{"href":"https:\/\/casino-site-amp5.top\/wp-json\/wp\/v2\/media?parent=2542"}],"curies":[{"name":"wp","href":"https:\/\/api.w.org\/{rel}","templated":true}]}}