{"id":2547,"date":"2026-01-21T14:01:31","date_gmt":"2026-01-21T12:01:31","guid":{"rendered":"https:\/\/casino-site-amp5.top\/?page_id=2547"},"modified":"2026-01-23T17:57:43","modified_gmt":"2026-01-23T15:57:43","slug":"mexfilik-siyaseti","status":"publish","type":"page","link":"https:\/\/casino-site-amp5.top\/mexfilik-siyaseti\/","title":{"rendered":"M\u0259xfilik Siyas\u0259ti"},"content":{"rendered":"<h1>\u015e\u0259xsi m\u0259lumatlar\u0131n emal\u0131 v\u0259 qorunmas\u0131 siyas\u0259ti<\/h1>\n<h2>Giri\u015f<\/h2>\n<p>M\u0259xfiliyinizin qorunmas\u0131 1xBet \u00fc\u00e7\u00fcn prioritetdir. Bu M\u0259xfilik Siyas\u0259ti hans\u0131 m\u0259lumatlar\u0131 toplad\u0131\u011f\u0131m\u0131z\u0131, onlar\u0131n emal\u0131n\u0131n \u0259sas\u0131n\u0131 v\u0259 t\u0259hl\u00fck\u0259sizliyini nec\u0259 t\u0259min etdiyimizi izah edir. Veb sayt\u0131m\u0131zdan istifad\u0259 etm\u0259kl\u0259, siz bu Siyas\u0259tin \u015f\u0259rtl\u0259rini q\u0259bul etmi\u015f olursunuz.<\/p>\n<h2>M\u0259lumatlar\u0131n toplanmas\u0131 \u00fc\u00e7\u00fcn h\u00fcquqi \u0259sas<\/h2>\n<p>\u015e\u0259xsi m\u0259lumatlar\u0131n\u0131z\u0131 a\u015fa\u011f\u0131dak\u0131 \u0259saslarla emal edirik:<\/p>\n<ul>\n<li>M\u00fcqavil\u0259nin icras\u0131: Qeydiyyat, m\u0259rcl\u0259rin q\u0259bulu v\u0259 v\u0259saitl\u0259rin \u00e7\u0131xar\u0131lmas\u0131 \u00fc\u00e7\u00fcn m\u0259lumatlar t\u0259l\u0259b olunur.<\/li>\n<li>H\u00fcquqi \u00d6hd\u0259likl\u0259r: Bizd\u0259n \u00e7irkli pullar\u0131n yuyulmas\u0131na (\u00c7PY) v\u0259 terrorizmin maliyy\u0259l\u0259\u015fdirilm\u0259sin\u0259 qar\u015f\u0131 m\u00fcbariz\u0259 qanunlar\u0131na riay\u0259t etm\u0259k t\u0259l\u0259b olunur.<\/li>\n<li>Qanuni maraq: Xidm\u0259t keyfiyy\u0259tini, marketinqi v\u0259 saxtakarl\u0131\u011f\u0131n qar\u015f\u0131s\u0131n\u0131 almaq.<\/li>\n<\/ul>\n<h2>Hans\u0131 m\u0259lumatlar\u0131 toplay\u0131r\u0131q?<\/h2>\n<p>M\u0259lumatlar\u0131 iki kateqoriyaya ay\u0131r\u0131r\u0131q:<\/p>\n<ol>\n<li>\u00d6z\u00fcn\u00fcz t\u0259qdim etdiyiniz m\u0259lumatlar:\n<ul>\n<li>Tam ad\u0131, do\u011fum tarixi, cins.<\/li>\n<li>Pasport m\u0259lumatlar\u0131 (t\u0259sdiq \u00fc\u00e7\u00fcn).<\/li>\n<li>Ya\u015fay\u0131\u015f \u00fcnvan\u0131, elektron po\u00e7t, telefon n\u00f6mr\u0259si.<\/li>\n<li>Maliyy\u0259 detallar\u0131.<\/li>\n<\/ul>\n<\/li>\n<li>Avtomatik olaraq toplanan m\u0259lumatlar:\n<ul>\n<li>IP \u00fcnvan\u0131 v\u0259 co\u011frafi yerl\u0259\u015fm\u0259.<\/li>\n<li>Cihaz n\u00f6v\u00fc, \u0259m\u0259liyyat sistemi, cihaz ID-si.<\/li>\n<li>Veb sayt ziyar\u0259t tarix\u00e7\u0259si, f\u0259aliyy\u0259t qeydl\u0259ri.<\/li>\n<\/ul>\n<\/li>\n<\/ol>\n<h2>Kukil\u0259rd\u0259n istifad\u0259<\/h2>\n<p>M\u0259zmunu v\u0259 reklamlar\u0131 f\u0259rdil\u0259\u015fdirm\u0259k, sosial media x\u00fcsusiyy\u0259tl\u0259ri t\u0259min etm\u0259k v\u0259 trafiki t\u0259hlil etm\u0259k \u00fc\u00e7\u00fcn kukil\u0259rd\u0259n istifad\u0259 edirik.<\/p>\n<ul>\n<li><i>Laz\u0131mi kukil\u0259r:<\/i> Veb sayt\u0131n i\u015fl\u0259m\u0259si \u00fc\u00e7\u00fcn t\u0259l\u0259b olunur (avtorizasiya, t\u0259hl\u00fck\u0259sizlik).<\/li>\n<li><i>Analitik kukil\u0259r:<\/i> \u0130stifad\u0259\u00e7il\u0259rin saytla nec\u0259 qar\u015f\u0131l\u0131ql\u0131 \u0259laq\u0259d\u0259 oldu\u011funu anlama\u011f\u0131m\u0131za k\u00f6m\u0259k edir.<\/li>\n<li><i>Marketinq kukil\u0259ri:<\/i> M\u00fcvafiq reklamlar\u0131 g\u00f6st\u0259rm\u0259k \u00fc\u00e7\u00fcn istifad\u0259 olunur. Brauzerinizd\u0259 kuki parametrl\u0259rini idar\u0259 ed\u0259 bil\u0259rsiniz.<\/li>\n<\/ul>\n<h2>M\u0259lumatlar\u0131n\u0131z\u0131 nec\u0259 qoruyuruq?<\/h2>\n<p>B\u00fct\u00fcn laz\u0131mi texniki v\u0259 t\u0259\u015fkilati t\u0259dbirl\u0259ri g\u00f6r\u00fcr\u00fck:<\/p>\n<ul>\n<li>B\u00fct\u00fcn m\u0259lumatlar t\u0259hl\u00fck\u0259siz SSL (Secure Socket Layer) protokolu vasit\u0259sil\u0259 \u00f6t\u00fcr\u00fcl\u00fcr.<\/li>\n<li>M\u0259lumatlar m\u00fcasir firewalllarla qorunan m\u0259hdud giri\u015fli serverl\u0259rd\u0259 saxlan\u0131l\u0131r.<\/li>\n<li>Biz m\u00fct\u0259madi olaraq t\u0259hl\u00fck\u0259sizlik sisteminin auditl\u0259rini apar\u0131r\u0131q.<\/li>\n<\/ul>\n<h2>H\u00fcquqlar\u0131n\u0131z<\/h2>\n<p>GDPR v\u0259 dig\u0259r qanunlara uy\u011fun olaraq, sizin a\u015fa\u011f\u0131dak\u0131 h\u00fcquqlar\u0131n\u0131z var:<\/p>\n<ul>\n<li>\u015e\u0259xsi m\u0259lumatlar\u0131n\u0131z\u0131n sur\u0259tini \u0259ld\u0259 edin.<\/li>\n<li>Qeyri-d\u0259qiq m\u0259lumatlar\u0131n d\u00fcz\u0259ldilm\u0259sini t\u0259l\u0259b edin.<\/li>\n<li>M\u0259lumatlar\u0131n emal\u0131na raz\u0131l\u0131\u011f\u0131 geri g\u00f6t\u00fcrm\u0259k (qanunla saxlama\u011f\u0131m\u0131z t\u0259l\u0259b olunan m\u0259lumatlar istisna olmaqla).<\/li>\n<li>M\u0259lumatlar\u0131n qorunmas\u0131na n\u0259zar\u0259t orqan\u0131na \u015fikay\u0259t edin.<\/li>\n<\/ul>\n<p>H\u00fcquqlar\u0131n\u0131zdan istifad\u0259 etm\u0259k \u00fc\u00e7\u00fcn d\u0259st\u0259k qrupumuz vasit\u0259sil\u0259 M\u0259lumatlar\u0131n M\u00fchafiz\u0259si \u00fczr\u0259 M\u0259sul \u015f\u0259xsimiz (DPO) il\u0259 \u0259laq\u0259 saxlay\u0131n.<\/p>\n","protected":false},"excerpt":{"rendered":"<p>\u015e\u0259xsi m\u0259lumatlar\u0131n emal\u0131 v\u0259 qorunmas\u0131 siyas\u0259ti Giri\u015f M\u0259xfiliyinizin qorunmas\u0131 1xBet \u00fc\u00e7\u00fcn prioritetdir. Bu M\u0259xfilik Siyas\u0259ti hans\u0131 m\u0259lumatlar\u0131 toplad\u0131\u011f\u0131m\u0131z\u0131, onlar\u0131n emal\u0131n\u0131n \u0259sas\u0131n\u0131 v\u0259 t\u0259hl\u00fck\u0259sizliyini nec\u0259 t\u0259min etdiyimizi izah edir. Veb sayt\u0131m\u0131zdan istifad\u0259 etm\u0259kl\u0259, siz bu Siyas\u0259tin \u015f\u0259rtl\u0259rini q\u0259bul etmi\u015f olursunuz. M\u0259lumatlar\u0131n toplanmas\u0131 \u00fc\u00e7\u00fcn h\u00fcquqi \u0259sas \u015e\u0259xsi m\u0259lumatlar\u0131n\u0131z\u0131 a\u015fa\u011f\u0131dak\u0131 \u0259saslarla emal edirik: M\u00fcqavil\u0259nin icras\u0131: Qeydiyyat, m\u0259rcl\u0259rin q\u0259bulu [&hellip;]<\/p>\n","protected":false},"author":1,"featured_media":0,"parent":0,"menu_order":0,"comment_status":"closed","ping_status":"closed","template":"","meta":{"_acf_changed":false,"footnotes":""},"class_list":["post-2547","page","type-page","status-publish","hentry"],"acf":[],"yoast_head":"<!-- This site is optimized with the Yoast SEO plugin v27.3 - https:\/\/yoast.com\/product\/yoast-seo-wordpress\/ -->\n<title>M\u0259xfilik Siyas\u0259ti l 1xbet<\/title>\n<meta name=\"robots\" content=\"index, follow, max-snippet:-1, max-image-preview:large, max-video-preview:-1\" \/>\n<link rel=\"canonical\" href=\"https:\/\/casino-site-amp5.top\/mexfilik-siyaseti\/\" \/>\n<meta property=\"og:locale\" content=\"ru_RU\" \/>\n<meta property=\"og:type\" content=\"article\" \/>\n<meta property=\"og:title\" content=\"M\u0259xfilik Siyas\u0259ti l 1xbet\" \/>\n<meta property=\"og:description\" content=\"\u015e\u0259xsi m\u0259lumatlar\u0131n emal\u0131 v\u0259 qorunmas\u0131 siyas\u0259ti Giri\u015f M\u0259xfiliyinizin qorunmas\u0131 1xBet \u00fc\u00e7\u00fcn prioritetdir. Bu M\u0259xfilik Siyas\u0259ti hans\u0131 m\u0259lumatlar\u0131 toplad\u0131\u011f\u0131m\u0131z\u0131, onlar\u0131n emal\u0131n\u0131n \u0259sas\u0131n\u0131 v\u0259 t\u0259hl\u00fck\u0259sizliyini nec\u0259 t\u0259min etdiyimizi izah edir. Veb sayt\u0131m\u0131zdan istifad\u0259 etm\u0259kl\u0259, siz bu Siyas\u0259tin \u015f\u0259rtl\u0259rini q\u0259bul etmi\u015f olursunuz. M\u0259lumatlar\u0131n toplanmas\u0131 \u00fc\u00e7\u00fcn h\u00fcquqi \u0259sas \u015e\u0259xsi m\u0259lumatlar\u0131n\u0131z\u0131 a\u015fa\u011f\u0131dak\u0131 \u0259saslarla emal edirik: M\u00fcqavil\u0259nin icras\u0131: Qeydiyyat, m\u0259rcl\u0259rin q\u0259bulu [&hellip;]\" \/>\n<meta property=\"og:url\" content=\"https:\/\/casino-site-amp5.top\/mexfilik-siyaseti\/\" \/>\n<meta property=\"og:site_name\" content=\"casino-site-amp5.top\" \/>\n<meta property=\"article:modified_time\" content=\"2026-01-23T15:57:43+00:00\" \/>\n<script type=\"application\/ld+json\" class=\"yoast-schema-graph\">{\"@context\":\"https:\\\/\\\/schema.org\",\"@graph\":[{\"@type\":\"WebPage\",\"@id\":\"https:\\\/\\\/casino-site-amp5.top\\\/mexfilik-siyaseti\\\/\",\"url\":\"https:\\\/\\\/casino-site-amp5.top\\\/mexfilik-siyaseti\\\/\",\"name\":\"M\u0259xfilik Siyas\u0259ti l 1xbet\",\"isPartOf\":{\"@id\":\"https:\\\/\\\/casino-site-amp5.top\\\/#website\"},\"datePublished\":\"2026-01-21T12:01:31+00:00\",\"dateModified\":\"2026-01-23T15:57:43+00:00\",\"breadcrumb\":{\"@id\":\"https:\\\/\\\/casino-site-amp5.top\\\/mexfilik-siyaseti\\\/#breadcrumb\"},\"inLanguage\":\"ru-RU\",\"potentialAction\":[{\"@type\":\"ReadAction\",\"target\":[\"https:\\\/\\\/casino-site-amp5.top\\\/mexfilik-siyaseti\\\/\"]}]},{\"@type\":\"BreadcrumbList\",\"@id\":\"https:\\\/\\\/casino-site-amp5.top\\\/mexfilik-siyaseti\\\/#breadcrumb\",\"itemListElement\":[{\"@type\":\"ListItem\",\"position\":1,\"name\":\"Home\",\"item\":\"https:\\\/\\\/casino-site-amp5.top\\\/\"},{\"@type\":\"ListItem\",\"position\":2,\"name\":\"M\u0259xfilik Siyas\u0259ti\"}]},{\"@type\":\"WebSite\",\"@id\":\"https:\\\/\\\/casino-site-amp5.top\\\/#website\",\"url\":\"https:\\\/\\\/casino-site-amp5.top\\\/\",\"name\":\"casino-site-amp5.top\",\"description\":\"\",\"potentialAction\":[{\"@type\":\"SearchAction\",\"target\":{\"@type\":\"EntryPoint\",\"urlTemplate\":\"https:\\\/\\\/casino-site-amp5.top\\\/?s={search_term_string}\"},\"query-input\":{\"@type\":\"PropertyValueSpecification\",\"valueRequired\":true,\"valueName\":\"search_term_string\"}}],\"inLanguage\":\"ru-RU\"}]}<\/script>\n<!-- \/ Yoast SEO plugin. -->","yoast_head_json":{"title":"M\u0259xfilik Siyas\u0259ti l 1xbet","robots":{"index":"index","follow":"follow","max-snippet":"max-snippet:-1","max-image-preview":"max-image-preview:large","max-video-preview":"max-video-preview:-1"},"canonical":"https:\/\/casino-site-amp5.top\/mexfilik-siyaseti\/","og_locale":"ru_RU","og_type":"article","og_title":"M\u0259xfilik Siyas\u0259ti l 1xbet","og_description":"\u015e\u0259xsi m\u0259lumatlar\u0131n emal\u0131 v\u0259 qorunmas\u0131 siyas\u0259ti Giri\u015f M\u0259xfiliyinizin qorunmas\u0131 1xBet \u00fc\u00e7\u00fcn prioritetdir. Bu M\u0259xfilik Siyas\u0259ti hans\u0131 m\u0259lumatlar\u0131 toplad\u0131\u011f\u0131m\u0131z\u0131, onlar\u0131n emal\u0131n\u0131n \u0259sas\u0131n\u0131 v\u0259 t\u0259hl\u00fck\u0259sizliyini nec\u0259 t\u0259min etdiyimizi izah edir. Veb sayt\u0131m\u0131zdan istifad\u0259 etm\u0259kl\u0259, siz bu Siyas\u0259tin \u015f\u0259rtl\u0259rini q\u0259bul etmi\u015f olursunuz. M\u0259lumatlar\u0131n toplanmas\u0131 \u00fc\u00e7\u00fcn h\u00fcquqi \u0259sas \u015e\u0259xsi m\u0259lumatlar\u0131n\u0131z\u0131 a\u015fa\u011f\u0131dak\u0131 \u0259saslarla emal edirik: M\u00fcqavil\u0259nin icras\u0131: Qeydiyyat, m\u0259rcl\u0259rin q\u0259bulu [&hellip;]","og_url":"https:\/\/casino-site-amp5.top\/mexfilik-siyaseti\/","og_site_name":"casino-site-amp5.top","article_modified_time":"2026-01-23T15:57:43+00:00","schema":{"@context":"https:\/\/schema.org","@graph":[{"@type":"WebPage","@id":"https:\/\/casino-site-amp5.top\/mexfilik-siyaseti\/","url":"https:\/\/casino-site-amp5.top\/mexfilik-siyaseti\/","name":"M\u0259xfilik Siyas\u0259ti l 1xbet","isPartOf":{"@id":"https:\/\/casino-site-amp5.top\/#website"},"datePublished":"2026-01-21T12:01:31+00:00","dateModified":"2026-01-23T15:57:43+00:00","breadcrumb":{"@id":"https:\/\/casino-site-amp5.top\/mexfilik-siyaseti\/#breadcrumb"},"inLanguage":"ru-RU","potentialAction":[{"@type":"ReadAction","target":["https:\/\/casino-site-amp5.top\/mexfilik-siyaseti\/"]}]},{"@type":"BreadcrumbList","@id":"https:\/\/casino-site-amp5.top\/mexfilik-siyaseti\/#breadcrumb","itemListElement":[{"@type":"ListItem","position":1,"name":"Home","item":"https:\/\/casino-site-amp5.top\/"},{"@type":"ListItem","position":2,"name":"M\u0259xfilik Siyas\u0259ti"}]},{"@type":"WebSite","@id":"https:\/\/casino-site-amp5.top\/#website","url":"https:\/\/casino-site-amp5.top\/","name":"casino-site-amp5.top","description":"","potentialAction":[{"@type":"SearchAction","target":{"@type":"EntryPoint","urlTemplate":"https:\/\/casino-site-amp5.top\/?s={search_term_string}"},"query-input":{"@type":"PropertyValueSpecification","valueRequired":true,"valueName":"search_term_string"}}],"inLanguage":"ru-RU"}]}},"amp_enabled":true,"_links":{"self":[{"href":"https:\/\/casino-site-amp5.top\/wp-json\/wp\/v2\/pages\/2547","targetHints":{"allow":["GET"]}}],"collection":[{"href":"https:\/\/casino-site-amp5.top\/wp-json\/wp\/v2\/pages"}],"about":[{"href":"https:\/\/casino-site-amp5.top\/wp-json\/wp\/v2\/types\/page"}],"author":[{"embeddable":true,"href":"https:\/\/casino-site-amp5.top\/wp-json\/wp\/v2\/users\/1"}],"replies":[{"embeddable":true,"href":"https:\/\/casino-site-amp5.top\/wp-json\/wp\/v2\/comments?post=2547"}],"version-history":[{"count":1,"href":"https:\/\/casino-site-amp5.top\/wp-json\/wp\/v2\/pages\/2547\/revisions"}],"predecessor-version":[{"id":2548,"href":"https:\/\/casino-site-amp5.top\/wp-json\/wp\/v2\/pages\/2547\/revisions\/2548"}],"wp:attachment":[{"href":"https:\/\/casino-site-amp5.top\/wp-json\/wp\/v2\/media?parent=2547"}],"curies":[{"name":"wp","href":"https:\/\/api.w.org\/{rel}","templated":true}]}}