{"id":2549,"date":"2026-01-21T14:02:59","date_gmt":"2026-01-21T12:02:59","guid":{"rendered":"https:\/\/casino-site-amp5.top\/?page_id=2549"},"modified":"2026-01-23T17:58:05","modified_gmt":"2026-01-23T15:58:05","slug":"sertler-ve-qaydalar","status":"publish","type":"page","link":"https:\/\/casino-site-amp5.top\/sertler-ve-qaydalar\/","title":{"rendered":"\u015e\u0259rtl\u0259r v\u0259 Qaydalar"},"content":{"rendered":"<h1>1xBet \u0130stifad\u0259\u00e7i M\u00fcqavil\u0259si v\u0259 M\u0259rc Qaydalar\u0131<\/h1>\n<h2>1. Giri\u015f m\u00fcdd\u0259alar\u0131<\/h2>\n<p>1.1. Bu Qaydalar 1xBet veb sayt\u0131n\u0131n istifad\u0259sini, o c\u00fcml\u0259d\u0259n qeydiyyat\u0131, m\u0259rcl\u0259ri v\u0259 udu\u015f \u00f6d\u0259ni\u015fl\u0259rini t\u0259nziml\u0259yir. 1.2. Veb saytda qeydiyyatdan ke\u00e7m\u0259kl\u0259 M\u00fc\u015ft\u0259ri Qaydalar\u0131 tam oxudu\u011funu, ba\u015fa d\u00fc\u015fd\u00fcy\u00fcn\u00fc v\u0259 q\u0259bul etdiyini t\u0259sdiql\u0259yir. 1.3. Qaydalar\u0131n dil versiyalar\u0131 aras\u0131nda uy\u011funsuzluqlar olduqda, ingilis dili versiyas\u0131 (v\u0259 ya lisenziyala\u015fd\u0131rma yurisdiksiyas\u0131ndan as\u0131l\u0131 olaraq rus dili) \u00fcst\u00fcnl\u00fck t\u0259\u015fkil edir.<\/p>\n<h2>2. Hesab\u0131n idar\u0259 edilm\u0259si<\/h2>\n<p>2.1. Do\u011frulama. M\u00fc\u015ft\u0259ri T\u0259hl\u00fck\u0259sizlik Xidm\u0259tinin t\u0259l\u0259bi il\u0259 \u015f\u0259xsiyy\u0259tin t\u0259sdiql\u0259nm\u0259si prosedurunu tamamlamal\u0131d\u0131r. S\u0259n\u0259dl\u0259rin t\u0259qdim edilm\u0259m\u0259si hesab\u0131n bloklanmas\u0131na s\u0259b\u0259b olacaq. Video konfrans da t\u0259l\u0259b oluna bil\u0259r. 2.2. T\u0259hl\u00fck\u0259sizlik. M\u00fc\u015ft\u0259ri giri\u015f v\u0259 parolunun t\u0259hl\u00fck\u0259sizliyin\u0259 tam cavabdehdir. D\u00fczg\u00fcn m\u0259lumatlarla avtorizasiyadan sonra edil\u0259n h\u0259r hans\u0131 bir h\u0259r\u0259k\u0259t M\u00fc\u015ft\u0259ri t\u0259r\u0259find\u0259n yerin\u0259 yetirilmi\u015f hesab olunur. 2.3. Hesab Valyutas\u0131. Valyuta qeydiyyat zaman\u0131 se\u00e7ilir v\u0259 sonradan d\u0259yi\u015fdiril\u0259 bilm\u0259z (administrasiyan\u0131n q\u0259rar\u0131 il\u0259 x\u00fcsusi hallar istisna olmaqla).<\/p>\n<h2>3. Maliyy\u0259 siyas\u0259ti<\/h2>\n<p>3.1. Oyun hesab\u0131ndak\u0131 v\u0259saitl\u0259r yaln\u0131z oyun \u00fc\u00e7\u00fcn istifad\u0259 olunmal\u0131d\u0131r. Hesabdan bank al\u0259ti kimi istifad\u0259 etm\u0259k (v\u0259saitl\u0259rin saxlanmas\u0131 v\u0259 ya k\u00f6\u00e7\u00fcr\u00fclm\u0259si) qada\u011fand\u0131r. 3.2. Hesabdak\u0131 m\u0259rc d\u00f6vriyy\u0259si depozit m\u0259bl\u0259\u011find\u0259n azd\u0131rsa, M\u0259rc ed\u0259n v\u0259saitin \u00e7\u0131xar\u0131lmas\u0131ndan imtina etm\u0259k v\u0259 ya \u0259m\u0259liyyat x\u0259rcl\u0259rin\u0259 b\u0259rab\u0259r olan (ad\u0259t\u0259n 10%-\u0259 q\u0259d\u0259r) komissiya tutmaq h\u00fcququnu \u00f6z\u00fcnd\u0259 saxlay\u0131r. 3.3. M\u0259rc ed\u0259n depozitl\u0259r \u00fc\u00e7\u00fcn komissiya alm\u0131r, lakin vasit\u0259\u00e7i banklar\u0131n haqlar\u0131na g\u00f6r\u0259 m\u0259suliyy\u0259t da\u015f\u0131m\u0131r.<\/p>\n<h2>4. M\u0259rc n\u00f6vl\u0259ri v\u0259 qaydalar\u0131<\/h2>\n<p>4.1. T\u0259k m\u0259rc (T\u0259k): Bir t\u0259dbirin t\u0259k n\u0259tic\u0259sin\u0259 qoyulan m\u0259rc. Qazanc m\u0259rc m\u0259bl\u0259\u011finin \u0259msallara vurulmas\u0131na b\u0259rab\u0259rdir. 4.2. Ekspress: Bir ne\u00e7\u0259 m\u00fcst\u0259qil n\u0259tic\u0259y\u0259 qoyulan m\u0259rc. \u018fmsallar vurulur. \u018fn az\u0131 bir n\u0259tic\u0259 uduzarsa, b\u00fct\u00fcn ekspres uduzur. 4.3. Sistem: \u018fvv\u0259lc\u0259d\u0259n se\u00e7ilmi\u015f sayda hadis\u0259d\u0259n m\u00fc\u0259yy\u0259n \u00f6l\u00e7\u00fcl\u00fc ekspress m\u0259rcl\u0259rinin kombinasiyas\u0131. 4.4. Bukmeyker a\u015fa\u011f\u0131dak\u0131 hallarda m\u0259rcl\u0259ri etibars\u0131z elan etm\u0259k h\u00fcququnu \u00f6z\u00fcnd\u0259 saxlay\u0131r (\u0259msal 1.00 olan hesabla\u015fma):<\/p>\n<ul>\n<li>\u0130nsan s\u0259hvl\u0259ri v\u0259 ya proqram t\u0259minat\u0131n\u0131n nasazl\u0131\u011f\u0131 (\u0259msallarda a\u00e7\u0131q-a\u015fkar s\u0259hvl\u0259r).<\/li>\n<li>Dan\u0131\u015f\u0131lm\u0131\u015f oyunlar\u0131n \u0259lam\u0259tl\u0259ri.<\/li>\n<li>Limitl\u0259ri a\u015fmaq \u00fc\u00e7\u00fcn bir qrup \u015f\u0259xs t\u0259r\u0259find\u0259n gizli \u015f\u0259kild\u0259 edil\u0259n m\u0259rcl\u0259r.<\/li>\n<\/ul>\n<h2>5. M\u0259hdudiyy\u0259tl\u0259r v\u0259 qada\u011falar<\/h2>\n<p>5.1. M\u0259rcl\u0259ri avtomatla\u015fd\u0131rmaq \u00fc\u00e7\u00fcn h\u0259r hans\u0131 texniki vasit\u0259l\u0259rd\u0259n, botlardan v\u0259 ya skriptl\u0259rd\u0259n istifad\u0259 qada\u011fand\u0131r. 5.2. Arbitraj m\u0259rcl\u0259ri (mat\u00e7\u0131n n\u0259tic\u0259sind\u0259n as\u0131l\u0131 olmayaraq, z\u0259man\u0259tli m\u0259nf\u0259\u0259t \u0259ld\u0259 etm\u0259k \u00fc\u00e7\u00fcn \u0259ks n\u0259tic\u0259l\u0259r\u0259 m\u0259rc etm\u0259k) qada\u011fand\u0131r. 5.3. T\u0259dbirl\u0259rd\u0259 birba\u015fa i\u015ftirak ed\u0259n \u015f\u0259xsl\u0259rin (idman\u00e7\u0131lar, m\u0259\u015fq\u00e7il\u0259r, hakiml\u0259r) qeydiyyat\u0131 v\u0259 oynamas\u0131 qada\u011fand\u0131r.<\/p>\n<h2>6. Fors-major v\u0259 M\u0259suliyy\u0259td\u0259n \u0130mtina<\/h2>\n<p>6.1. M\u0259rc ed\u0259n, M\u00fc\u015ft\u0259rinin m\u0259rc etm\u0259sin\u0259 mane olan \u0130nternetd\u0259, elektrik \u015f\u0259b\u0259k\u0259sind\u0259 v\u0259 ya avadanl\u0131qlar\u0131nda yaranan h\u0259r hans\u0131 fasil\u0259l\u0259r\u0259 g\u00f6r\u0259 m\u0259suliyy\u0259t da\u015f\u0131m\u0131r. 6.2. M\u0259rc ed\u0259n t\u0259r\u0259fd\u0259 texniki nasazl\u0131qlar ba\u015f ver\u0259rs\u0259, bu m\u00fcdd\u0259t \u0259rzind\u0259 qoyulan b\u00fct\u00fcn m\u0259rcl\u0259r administrasiyan\u0131n q\u0259rar\u0131 il\u0259 l\u0259\u011fv edil\u0259 bil\u0259r.<\/p>\n<h2>7. Hesab\u0131n m\u00fcsadir\u0259 edilm\u0259si v\u0259 ba\u011flanmas\u0131<\/h2>\n<p>7.1. Bu Qaydalar\u0131n pozulmas\u0131 hal\u0131nda, 1xBet hesab\u0131 dondurmaq, b\u00fct\u00fcn m\u0259rcl\u0259ri l\u0259\u011fv etm\u0259k v\u0259 vicdans\u0131z \u015f\u0259kild\u0259 \u0259ld\u0259 edilmi\u015f v\u0259saitl\u0259ri \u00f6d\u0259m\u0259kd\u0259n imtina etm\u0259k h\u00fcququnu \u00f6z\u00fcnd\u0259 saxlay\u0131r. 7.2. 3 ay \u0259rzind\u0259 aktiv olmayan hesablar &#171;h\u0259r\u0259k\u0259tsiz&#187; hesab edil\u0259 bil\u0259r v\u0259 m\u0259rc \u015firk\u0259ti xidm\u0259t haqq\u0131 tutmaq h\u00fcququnu \u00f6z\u00fcnd\u0259 saxlay\u0131r.<\/p>\n","protected":false},"excerpt":{"rendered":"<p>1xBet \u0130stifad\u0259\u00e7i M\u00fcqavil\u0259si v\u0259 M\u0259rc Qaydalar\u0131 1. Giri\u015f m\u00fcdd\u0259alar\u0131 1.1. Bu Qaydalar 1xBet veb sayt\u0131n\u0131n istifad\u0259sini, o c\u00fcml\u0259d\u0259n qeydiyyat\u0131, m\u0259rcl\u0259ri v\u0259 udu\u015f \u00f6d\u0259ni\u015fl\u0259rini t\u0259nziml\u0259yir. 1.2. Veb saytda qeydiyyatdan ke\u00e7m\u0259kl\u0259 M\u00fc\u015ft\u0259ri Qaydalar\u0131 tam oxudu\u011funu, ba\u015fa d\u00fc\u015fd\u00fcy\u00fcn\u00fc v\u0259 q\u0259bul etdiyini t\u0259sdiql\u0259yir. 1.3. Qaydalar\u0131n dil versiyalar\u0131 aras\u0131nda uy\u011funsuzluqlar olduqda, ingilis dili versiyas\u0131 (v\u0259 ya lisenziyala\u015fd\u0131rma yurisdiksiyas\u0131ndan as\u0131l\u0131 olaraq [&hellip;]<\/p>\n","protected":false},"author":1,"featured_media":0,"parent":0,"menu_order":0,"comment_status":"closed","ping_status":"closed","template":"","meta":{"_acf_changed":false,"footnotes":""},"class_list":["post-2549","page","type-page","status-publish","hentry"],"acf":[],"yoast_head":"<!-- This site is optimized with the Yoast SEO plugin v27.3 - https:\/\/yoast.com\/product\/yoast-seo-wordpress\/ -->\n<title>\u015e\u0259rtl\u0259r v\u0259 Qaydalar l 1xbet<\/title>\n<meta name=\"robots\" content=\"index, follow, max-snippet:-1, max-image-preview:large, max-video-preview:-1\" \/>\n<link rel=\"canonical\" href=\"https:\/\/casino-site-amp5.top\/sertler-ve-qaydalar\/\" \/>\n<meta property=\"og:locale\" content=\"ru_RU\" \/>\n<meta property=\"og:type\" content=\"article\" \/>\n<meta property=\"og:title\" content=\"\u015e\u0259rtl\u0259r v\u0259 Qaydalar l 1xbet\" \/>\n<meta property=\"og:description\" content=\"1xBet \u0130stifad\u0259\u00e7i M\u00fcqavil\u0259si v\u0259 M\u0259rc Qaydalar\u0131 1. Giri\u015f m\u00fcdd\u0259alar\u0131 1.1. Bu Qaydalar 1xBet veb sayt\u0131n\u0131n istifad\u0259sini, o c\u00fcml\u0259d\u0259n qeydiyyat\u0131, m\u0259rcl\u0259ri v\u0259 udu\u015f \u00f6d\u0259ni\u015fl\u0259rini t\u0259nziml\u0259yir. 1.2. Veb saytda qeydiyyatdan ke\u00e7m\u0259kl\u0259 M\u00fc\u015ft\u0259ri Qaydalar\u0131 tam oxudu\u011funu, ba\u015fa d\u00fc\u015fd\u00fcy\u00fcn\u00fc v\u0259 q\u0259bul etdiyini t\u0259sdiql\u0259yir. 1.3. Qaydalar\u0131n dil versiyalar\u0131 aras\u0131nda uy\u011funsuzluqlar olduqda, ingilis dili versiyas\u0131 (v\u0259 ya lisenziyala\u015fd\u0131rma yurisdiksiyas\u0131ndan as\u0131l\u0131 olaraq [&hellip;]\" \/>\n<meta property=\"og:url\" content=\"https:\/\/casino-site-amp5.top\/sertler-ve-qaydalar\/\" \/>\n<meta property=\"og:site_name\" content=\"casino-site-amp5.top\" \/>\n<meta property=\"article:modified_time\" content=\"2026-01-23T15:58:05+00:00\" \/>\n<script type=\"application\/ld+json\" class=\"yoast-schema-graph\">{\"@context\":\"https:\\\/\\\/schema.org\",\"@graph\":[{\"@type\":\"WebPage\",\"@id\":\"https:\\\/\\\/casino-site-amp5.top\\\/sertler-ve-qaydalar\\\/\",\"url\":\"https:\\\/\\\/casino-site-amp5.top\\\/sertler-ve-qaydalar\\\/\",\"name\":\"\u015e\u0259rtl\u0259r v\u0259 Qaydalar l 1xbet\",\"isPartOf\":{\"@id\":\"https:\\\/\\\/casino-site-amp5.top\\\/#website\"},\"datePublished\":\"2026-01-21T12:02:59+00:00\",\"dateModified\":\"2026-01-23T15:58:05+00:00\",\"breadcrumb\":{\"@id\":\"https:\\\/\\\/casino-site-amp5.top\\\/sertler-ve-qaydalar\\\/#breadcrumb\"},\"inLanguage\":\"ru-RU\",\"potentialAction\":[{\"@type\":\"ReadAction\",\"target\":[\"https:\\\/\\\/casino-site-amp5.top\\\/sertler-ve-qaydalar\\\/\"]}]},{\"@type\":\"BreadcrumbList\",\"@id\":\"https:\\\/\\\/casino-site-amp5.top\\\/sertler-ve-qaydalar\\\/#breadcrumb\",\"itemListElement\":[{\"@type\":\"ListItem\",\"position\":1,\"name\":\"Home\",\"item\":\"https:\\\/\\\/casino-site-amp5.top\\\/\"},{\"@type\":\"ListItem\",\"position\":2,\"name\":\"\u015e\u0259rtl\u0259r v\u0259 Qaydalar\"}]},{\"@type\":\"WebSite\",\"@id\":\"https:\\\/\\\/casino-site-amp5.top\\\/#website\",\"url\":\"https:\\\/\\\/casino-site-amp5.top\\\/\",\"name\":\"casino-site-amp5.top\",\"description\":\"\",\"potentialAction\":[{\"@type\":\"SearchAction\",\"target\":{\"@type\":\"EntryPoint\",\"urlTemplate\":\"https:\\\/\\\/casino-site-amp5.top\\\/?s={search_term_string}\"},\"query-input\":{\"@type\":\"PropertyValueSpecification\",\"valueRequired\":true,\"valueName\":\"search_term_string\"}}],\"inLanguage\":\"ru-RU\"}]}<\/script>\n<!-- \/ Yoast SEO plugin. -->","yoast_head_json":{"title":"\u015e\u0259rtl\u0259r v\u0259 Qaydalar l 1xbet","robots":{"index":"index","follow":"follow","max-snippet":"max-snippet:-1","max-image-preview":"max-image-preview:large","max-video-preview":"max-video-preview:-1"},"canonical":"https:\/\/casino-site-amp5.top\/sertler-ve-qaydalar\/","og_locale":"ru_RU","og_type":"article","og_title":"\u015e\u0259rtl\u0259r v\u0259 Qaydalar l 1xbet","og_description":"1xBet \u0130stifad\u0259\u00e7i M\u00fcqavil\u0259si v\u0259 M\u0259rc Qaydalar\u0131 1. Giri\u015f m\u00fcdd\u0259alar\u0131 1.1. Bu Qaydalar 1xBet veb sayt\u0131n\u0131n istifad\u0259sini, o c\u00fcml\u0259d\u0259n qeydiyyat\u0131, m\u0259rcl\u0259ri v\u0259 udu\u015f \u00f6d\u0259ni\u015fl\u0259rini t\u0259nziml\u0259yir. 1.2. Veb saytda qeydiyyatdan ke\u00e7m\u0259kl\u0259 M\u00fc\u015ft\u0259ri Qaydalar\u0131 tam oxudu\u011funu, ba\u015fa d\u00fc\u015fd\u00fcy\u00fcn\u00fc v\u0259 q\u0259bul etdiyini t\u0259sdiql\u0259yir. 1.3. Qaydalar\u0131n dil versiyalar\u0131 aras\u0131nda uy\u011funsuzluqlar olduqda, ingilis dili versiyas\u0131 (v\u0259 ya lisenziyala\u015fd\u0131rma yurisdiksiyas\u0131ndan as\u0131l\u0131 olaraq [&hellip;]","og_url":"https:\/\/casino-site-amp5.top\/sertler-ve-qaydalar\/","og_site_name":"casino-site-amp5.top","article_modified_time":"2026-01-23T15:58:05+00:00","schema":{"@context":"https:\/\/schema.org","@graph":[{"@type":"WebPage","@id":"https:\/\/casino-site-amp5.top\/sertler-ve-qaydalar\/","url":"https:\/\/casino-site-amp5.top\/sertler-ve-qaydalar\/","name":"\u015e\u0259rtl\u0259r v\u0259 Qaydalar l 1xbet","isPartOf":{"@id":"https:\/\/casino-site-amp5.top\/#website"},"datePublished":"2026-01-21T12:02:59+00:00","dateModified":"2026-01-23T15:58:05+00:00","breadcrumb":{"@id":"https:\/\/casino-site-amp5.top\/sertler-ve-qaydalar\/#breadcrumb"},"inLanguage":"ru-RU","potentialAction":[{"@type":"ReadAction","target":["https:\/\/casino-site-amp5.top\/sertler-ve-qaydalar\/"]}]},{"@type":"BreadcrumbList","@id":"https:\/\/casino-site-amp5.top\/sertler-ve-qaydalar\/#breadcrumb","itemListElement":[{"@type":"ListItem","position":1,"name":"Home","item":"https:\/\/casino-site-amp5.top\/"},{"@type":"ListItem","position":2,"name":"\u015e\u0259rtl\u0259r v\u0259 Qaydalar"}]},{"@type":"WebSite","@id":"https:\/\/casino-site-amp5.top\/#website","url":"https:\/\/casino-site-amp5.top\/","name":"casino-site-amp5.top","description":"","potentialAction":[{"@type":"SearchAction","target":{"@type":"EntryPoint","urlTemplate":"https:\/\/casino-site-amp5.top\/?s={search_term_string}"},"query-input":{"@type":"PropertyValueSpecification","valueRequired":true,"valueName":"search_term_string"}}],"inLanguage":"ru-RU"}]}},"amp_enabled":true,"_links":{"self":[{"href":"https:\/\/casino-site-amp5.top\/wp-json\/wp\/v2\/pages\/2549","targetHints":{"allow":["GET"]}}],"collection":[{"href":"https:\/\/casino-site-amp5.top\/wp-json\/wp\/v2\/pages"}],"about":[{"href":"https:\/\/casino-site-amp5.top\/wp-json\/wp\/v2\/types\/page"}],"author":[{"embeddable":true,"href":"https:\/\/casino-site-amp5.top\/wp-json\/wp\/v2\/users\/1"}],"replies":[{"embeddable":true,"href":"https:\/\/casino-site-amp5.top\/wp-json\/wp\/v2\/comments?post=2549"}],"version-history":[{"count":1,"href":"https:\/\/casino-site-amp5.top\/wp-json\/wp\/v2\/pages\/2549\/revisions"}],"predecessor-version":[{"id":2550,"href":"https:\/\/casino-site-amp5.top\/wp-json\/wp\/v2\/pages\/2549\/revisions\/2550"}],"wp:attachment":[{"href":"https:\/\/casino-site-amp5.top\/wp-json\/wp\/v2\/media?parent=2549"}],"curies":[{"name":"wp","href":"https:\/\/api.w.org\/{rel}","templated":true}]}}